{"id":243,"date":"2023-06-07T11:08:05","date_gmt":"2023-06-07T15:08:05","guid":{"rendered":"https:\/\/verslinfinietlecanada.com\/?page_id=243"},"modified":"2023-06-07T11:15:22","modified_gmt":"2023-06-07T15:15:22","slug":"bienvenue","status":"publish","type":"page","link":"https:\/\/verslinfinietlecanada.com\/","title":{"rendered":"Accueil"},"content":{"rendered":"<blockquote><p><span style=\"color: #008080;\"><strong>La vie est une aventure audacieuse ou rien. <\/strong><em>Helen Keller<\/em><\/span><\/p>\n<hr \/>\n<\/blockquote>\n<p>Bienvenue ici, dans ce petit endroit qui raconte notre exp\u00e9rience de l&rsquo;autre c\u00f4t\u00e9 de l&rsquo;Atlantique.<br \/>\nIl y aura \u00e9videmment des moments de vie, mais aussi quelques g\u00e9n\u00e9ralit\u00e9s, sur le Canada, le Qu\u00e9bec, les d\u00e9marches d&rsquo;immigration et tout ce qui peut \u00eatre utile quand on s&rsquo;expatrie en famille&#8230;<br \/>\nPromenez-vous bien par ici, r\u00eavez devant les photos et s&rsquo;il y a des sujets que vous souhaiteriez que j&rsquo;aborde, n&rsquo;h\u00e9sitez pas \u00e0 me contacter, via le formulaire de contact!<\/p>\n","protected":false},"excerpt":{"rendered":"<p>La vie est une aventure audacieuse ou rien. Helen Keller Bienvenue ici, dans ce petit endroit qui raconte notre exp\u00e9rience de l&rsquo;autre c\u00f4t\u00e9 de l&rsquo;Atlantique. Il y aura \u00e9videmment des moments de vie, mais aussi quelques g\u00e9n\u00e9ralit\u00e9s, sur le Canada, le Qu\u00e9bec, les d\u00e9marches d&rsquo;immigration et tout ce qui peut \u00eatre utile quand on s&rsquo;expatrie en famille&#8230; Promenez-vous bien par ici, r\u00eavez devant les photos et s&rsquo;il y a des sujets que vous souhaiteriez que j&rsquo;aborde, n&rsquo;h\u00e9sitez pas \u00e0 me contacter, via le formulaire de contact!<\/p>\n","protected":false},"author":1,"featured_media":0,"parent":0,"menu_order":0,"comment_status":"closed","ping_status":"closed","template":"","meta":{"footnotes":""},"class_list":["post-243","page","type-page","status-publish","hentry"],"yoast_head":"<!-- This site is optimized with the Yoast SEO plugin v25.5 - https:\/\/yoast.com\/wordpress\/plugins\/seo\/ -->\n<title>Accueil -<\/title>\n<meta name=\"robots\" content=\"index, follow, max-snippet:-1, max-image-preview:large, max-video-preview:-1\" \/>\n<link rel=\"canonical\" href=\"https:\/\/verslinfinietlecanada.com\/\" \/>\n<meta property=\"og:locale\" content=\"fr_FR\" \/>\n<meta property=\"og:type\" content=\"article\" \/>\n<meta property=\"og:title\" content=\"Accueil -\" \/>\n<meta property=\"og:description\" content=\"La vie est une aventure audacieuse ou rien. Helen Keller Bienvenue ici, dans ce petit endroit qui raconte notre exp\u00e9rience de l&rsquo;autre c\u00f4t\u00e9 de l&rsquo;Atlantique. Il y aura \u00e9videmment des moments de vie, mais aussi quelques g\u00e9n\u00e9ralit\u00e9s, sur le Canada, le Qu\u00e9bec, les d\u00e9marches d&rsquo;immigration et tout ce qui peut \u00eatre utile quand on s&rsquo;expatrie en famille&#8230; Promenez-vous bien par ici, r\u00eavez devant les photos et s&rsquo;il y a des sujets que vous souhaiteriez que j&rsquo;aborde, n&rsquo;h\u00e9sitez pas \u00e0 me contacter, via le formulaire de contact!\" \/>\n<meta property=\"og:url\" content=\"https:\/\/verslinfinietlecanada.com\/\" \/>\n<meta property=\"article:publisher\" content=\"https:\/\/www.facebook.com\/lilou.hb\" \/>\n<meta property=\"article:modified_time\" content=\"2023-06-07T15:15:22+00:00\" \/>\n<meta name=\"twitter:card\" content=\"summary_large_image\" \/>\n<meta name=\"twitter:label1\" content=\"Dur\u00e9e de lecture estim\u00e9e\" \/>\n\t<meta name=\"twitter:data1\" content=\"1 minute\" \/>\n<script type=\"application\/ld+json\" class=\"yoast-schema-graph\">{\"@context\":\"https:\/\/schema.org\",\"@graph\":[{\"@type\":\"WebPage\",\"@id\":\"https:\/\/verslinfinietlecanada.com\/\",\"url\":\"https:\/\/verslinfinietlecanada.com\/\",\"name\":\"Accueil -\",\"isPartOf\":{\"@id\":\"https:\/\/verslinfinietlecanada.com\/#website\"},\"datePublished\":\"2023-06-07T15:08:05+00:00\",\"dateModified\":\"2023-06-07T15:15:22+00:00\",\"breadcrumb\":{\"@id\":\"https:\/\/verslinfinietlecanada.com\/#breadcrumb\"},\"inLanguage\":\"fr-FR\",\"potentialAction\":[{\"@type\":\"ReadAction\",\"target\":[\"https:\/\/verslinfinietlecanada.com\/\"]}]},{\"@type\":\"BreadcrumbList\",\"@id\":\"https:\/\/verslinfinietlecanada.com\/#breadcrumb\",\"itemListElement\":[{\"@type\":\"ListItem\",\"position\":1,\"name\":\"Accueil\",\"item\":\"https:\/\/verslinfinietlecanada.com\/\"},{\"@type\":\"ListItem\",\"position\":2,\"name\":\"Accueil\"}]},{\"@type\":\"WebSite\",\"@id\":\"https:\/\/verslinfinietlecanada.com\/#website\",\"url\":\"https:\/\/verslinfinietlecanada.com\/\",\"name\":\"Vers l'infini et le Canada...\",\"description\":\"\",\"publisher\":{\"@id\":\"https:\/\/verslinfinietlecanada.com\/#\/schema\/person\/7aa8f6b59a0e54cca6d362fb7f2e9758\"},\"potentialAction\":[{\"@type\":\"SearchAction\",\"target\":{\"@type\":\"EntryPoint\",\"urlTemplate\":\"https:\/\/verslinfinietlecanada.com\/?s={search_term_string}\"},\"query-input\":{\"@type\":\"PropertyValueSpecification\",\"valueRequired\":true,\"valueName\":\"search_term_string\"}}],\"inLanguage\":\"fr-FR\"},{\"@type\":[\"Person\",\"Organization\"],\"@id\":\"https:\/\/verslinfinietlecanada.com\/#\/schema\/person\/7aa8f6b59a0e54cca6d362fb7f2e9758\",\"name\":\"Lilou73\",\"image\":{\"@type\":\"ImageObject\",\"inLanguage\":\"fr-FR\",\"@id\":\"https:\/\/verslinfinietlecanada.com\/#\/schema\/person\/image\/\",\"url\":\"https:\/\/secure.gravatar.com\/avatar\/c7bb682a8a0c886ea062103c2f8b2382650e201eb28a70ae06d25964f2899574?s=96&d=mm&r=g\",\"contentUrl\":\"https:\/\/secure.gravatar.com\/avatar\/c7bb682a8a0c886ea062103c2f8b2382650e201eb28a70ae06d25964f2899574?s=96&d=mm&r=g\",\"caption\":\"Lilou73\"},\"logo\":{\"@id\":\"https:\/\/verslinfinietlecanada.com\/#\/schema\/person\/image\/\"},\"sameAs\":[\"http:\/\/verslinfinietlecanada.com\",\"https:\/\/www.facebook.com\/lilou.hb\",\"https:\/\/www.instagram.com\/lilou73\"]}]}<\/script>\n<!-- \/ Yoast SEO plugin. -->","yoast_head_json":{"title":"Accueil -","robots":{"index":"index","follow":"follow","max-snippet":"max-snippet:-1","max-image-preview":"max-image-preview:large","max-video-preview":"max-video-preview:-1"},"canonical":"https:\/\/verslinfinietlecanada.com\/","og_locale":"fr_FR","og_type":"article","og_title":"Accueil -","og_description":"La vie est une aventure audacieuse ou rien. Helen Keller Bienvenue ici, dans ce petit endroit qui raconte notre exp\u00e9rience de l&rsquo;autre c\u00f4t\u00e9 de l&rsquo;Atlantique. Il y aura \u00e9videmment des moments de vie, mais aussi quelques g\u00e9n\u00e9ralit\u00e9s, sur le Canada, le Qu\u00e9bec, les d\u00e9marches d&rsquo;immigration et tout ce qui peut \u00eatre utile quand on s&rsquo;expatrie en famille&#8230; Promenez-vous bien par ici, r\u00eavez devant les photos et s&rsquo;il y a des sujets que vous souhaiteriez que j&rsquo;aborde, n&rsquo;h\u00e9sitez pas \u00e0 me contacter, via le formulaire de contact!","og_url":"https:\/\/verslinfinietlecanada.com\/","article_publisher":"https:\/\/www.facebook.com\/lilou.hb","article_modified_time":"2023-06-07T15:15:22+00:00","twitter_card":"summary_large_image","twitter_misc":{"Dur\u00e9e de lecture estim\u00e9e":"1 minute"},"schema":{"@context":"https:\/\/schema.org","@graph":[{"@type":"WebPage","@id":"https:\/\/verslinfinietlecanada.com\/","url":"https:\/\/verslinfinietlecanada.com\/","name":"Accueil -","isPartOf":{"@id":"https:\/\/verslinfinietlecanada.com\/#website"},"datePublished":"2023-06-07T15:08:05+00:00","dateModified":"2023-06-07T15:15:22+00:00","breadcrumb":{"@id":"https:\/\/verslinfinietlecanada.com\/#breadcrumb"},"inLanguage":"fr-FR","potentialAction":[{"@type":"ReadAction","target":["https:\/\/verslinfinietlecanada.com\/"]}]},{"@type":"BreadcrumbList","@id":"https:\/\/verslinfinietlecanada.com\/#breadcrumb","itemListElement":[{"@type":"ListItem","position":1,"name":"Accueil","item":"https:\/\/verslinfinietlecanada.com\/"},{"@type":"ListItem","position":2,"name":"Accueil"}]},{"@type":"WebSite","@id":"https:\/\/verslinfinietlecanada.com\/#website","url":"https:\/\/verslinfinietlecanada.com\/","name":"Vers l'infini et le Canada...","description":"","publisher":{"@id":"https:\/\/verslinfinietlecanada.com\/#\/schema\/person\/7aa8f6b59a0e54cca6d362fb7f2e9758"},"potentialAction":[{"@type":"SearchAction","target":{"@type":"EntryPoint","urlTemplate":"https:\/\/verslinfinietlecanada.com\/?s={search_term_string}"},"query-input":{"@type":"PropertyValueSpecification","valueRequired":true,"valueName":"search_term_string"}}],"inLanguage":"fr-FR"},{"@type":["Person","Organization"],"@id":"https:\/\/verslinfinietlecanada.com\/#\/schema\/person\/7aa8f6b59a0e54cca6d362fb7f2e9758","name":"Lilou73","image":{"@type":"ImageObject","inLanguage":"fr-FR","@id":"https:\/\/verslinfinietlecanada.com\/#\/schema\/person\/image\/","url":"https:\/\/secure.gravatar.com\/avatar\/c7bb682a8a0c886ea062103c2f8b2382650e201eb28a70ae06d25964f2899574?s=96&d=mm&r=g","contentUrl":"https:\/\/secure.gravatar.com\/avatar\/c7bb682a8a0c886ea062103c2f8b2382650e201eb28a70ae06d25964f2899574?s=96&d=mm&r=g","caption":"Lilou73"},"logo":{"@id":"https:\/\/verslinfinietlecanada.com\/#\/schema\/person\/image\/"},"sameAs":["http:\/\/verslinfinietlecanada.com","https:\/\/www.facebook.com\/lilou.hb","https:\/\/www.instagram.com\/lilou73"]}]}},"jetpack-related-posts":[],"jetpack_sharing_enabled":true,"_links":{"self":[{"href":"https:\/\/verslinfinietlecanada.com\/index.php\/wp-json\/wp\/v2\/pages\/243","targetHints":{"allow":["GET"]}}],"collection":[{"href":"https:\/\/verslinfinietlecanada.com\/index.php\/wp-json\/wp\/v2\/pages"}],"about":[{"href":"https:\/\/verslinfinietlecanada.com\/index.php\/wp-json\/wp\/v2\/types\/page"}],"author":[{"embeddable":true,"href":"https:\/\/verslinfinietlecanada.com\/index.php\/wp-json\/wp\/v2\/users\/1"}],"replies":[{"embeddable":true,"href":"https:\/\/verslinfinietlecanada.com\/index.php\/wp-json\/wp\/v2\/comments?post=243"}],"version-history":[{"count":5,"href":"https:\/\/verslinfinietlecanada.com\/index.php\/wp-json\/wp\/v2\/pages\/243\/revisions"}],"predecessor-version":[{"id":248,"href":"https:\/\/verslinfinietlecanada.com\/index.php\/wp-json\/wp\/v2\/pages\/243\/revisions\/248"}],"wp:attachment":[{"href":"https:\/\/verslinfinietlecanada.com\/index.php\/wp-json\/wp\/v2\/media?parent=243"}],"curies":[{"name":"wp","href":"https:\/\/api.w.org\/{rel}","templated":true}]}}