{"id":259,"date":"2023-06-07T11:25:00","date_gmt":"2023-06-07T15:25:00","guid":{"rendered":"https:\/\/verslinfinietlecanada.com\/?page_id=259"},"modified":"2025-06-19T16:25:02","modified_gmt":"2025-06-19T20:25:02","slug":"ou-manger-a-montreal","status":"publish","type":"page","link":"https:\/\/verslinfinietlecanada.com\/index.php\/ou-manger-a-montreal\/","title":{"rendered":"O\u00f9 manger \u00e0 Montr\u00e9al?"},"content":{"rendered":"<p>\u00c0 venir&#8230;<\/p>\n","protected":false},"excerpt":{"rendered":"<p>\u00c0 venir&#8230;<\/p>\n","protected":false},"author":1,"featured_media":0,"parent":0,"menu_order":0,"comment_status":"closed","ping_status":"closed","template":"","meta":{"footnotes":""},"class_list":["post-259","page","type-page","status-publish","hentry"],"yoast_head":"<!-- This site is optimized with the Yoast SEO plugin v25.5 - https:\/\/yoast.com\/wordpress\/plugins\/seo\/ -->\n<title>O\u00f9 manger \u00e0 Montr\u00e9al? -<\/title>\n<meta name=\"robots\" content=\"index, follow, max-snippet:-1, max-image-preview:large, max-video-preview:-1\" \/>\n<link rel=\"canonical\" href=\"https:\/\/verslinfinietlecanada.com\/index.php\/ou-manger-a-montreal\/\" \/>\n<meta property=\"og:locale\" content=\"fr_FR\" \/>\n<meta property=\"og:type\" content=\"article\" \/>\n<meta property=\"og:title\" content=\"O\u00f9 manger \u00e0 Montr\u00e9al? -\" \/>\n<meta property=\"og:description\" content=\"\u00c0 venir&#8230;\" \/>\n<meta property=\"og:url\" content=\"https:\/\/verslinfinietlecanada.com\/index.php\/ou-manger-a-montreal\/\" \/>\n<meta property=\"article:publisher\" content=\"https:\/\/www.facebook.com\/lilou.hb\" \/>\n<meta property=\"article:modified_time\" content=\"2025-06-19T20:25:02+00:00\" \/>\n<meta name=\"twitter:card\" content=\"summary_large_image\" \/>\n<meta name=\"twitter:label1\" content=\"Dur\u00e9e de lecture estim\u00e9e\" \/>\n\t<meta name=\"twitter:data1\" content=\"1 minute\" \/>\n<script type=\"application\/ld+json\" class=\"yoast-schema-graph\">{\"@context\":\"https:\/\/schema.org\",\"@graph\":[{\"@type\":\"WebPage\",\"@id\":\"https:\/\/verslinfinietlecanada.com\/index.php\/ou-manger-a-montreal\/\",\"url\":\"https:\/\/verslinfinietlecanada.com\/index.php\/ou-manger-a-montreal\/\",\"name\":\"O\u00f9 manger \u00e0 Montr\u00e9al? -\",\"isPartOf\":{\"@id\":\"https:\/\/verslinfinietlecanada.com\/#website\"},\"datePublished\":\"2023-06-07T15:25:00+00:00\",\"dateModified\":\"2025-06-19T20:25:02+00:00\",\"breadcrumb\":{\"@id\":\"https:\/\/verslinfinietlecanada.com\/index.php\/ou-manger-a-montreal\/#breadcrumb\"},\"inLanguage\":\"fr-FR\",\"potentialAction\":[{\"@type\":\"ReadAction\",\"target\":[\"https:\/\/verslinfinietlecanada.com\/index.php\/ou-manger-a-montreal\/\"]}]},{\"@type\":\"BreadcrumbList\",\"@id\":\"https:\/\/verslinfinietlecanada.com\/index.php\/ou-manger-a-montreal\/#breadcrumb\",\"itemListElement\":[{\"@type\":\"ListItem\",\"position\":1,\"name\":\"Accueil\",\"item\":\"https:\/\/verslinfinietlecanada.com\/\"},{\"@type\":\"ListItem\",\"position\":2,\"name\":\"O\u00f9 manger \u00e0 Montr\u00e9al?\"}]},{\"@type\":\"WebSite\",\"@id\":\"https:\/\/verslinfinietlecanada.com\/#website\",\"url\":\"https:\/\/verslinfinietlecanada.com\/\",\"name\":\"Vers l'infini et le Canada...\",\"description\":\"\",\"publisher\":{\"@id\":\"https:\/\/verslinfinietlecanada.com\/#\/schema\/person\/7aa8f6b59a0e54cca6d362fb7f2e9758\"},\"potentialAction\":[{\"@type\":\"SearchAction\",\"target\":{\"@type\":\"EntryPoint\",\"urlTemplate\":\"https:\/\/verslinfinietlecanada.com\/?s={search_term_string}\"},\"query-input\":{\"@type\":\"PropertyValueSpecification\",\"valueRequired\":true,\"valueName\":\"search_term_string\"}}],\"inLanguage\":\"fr-FR\"},{\"@type\":[\"Person\",\"Organization\"],\"@id\":\"https:\/\/verslinfinietlecanada.com\/#\/schema\/person\/7aa8f6b59a0e54cca6d362fb7f2e9758\",\"name\":\"Lilou73\",\"image\":{\"@type\":\"ImageObject\",\"inLanguage\":\"fr-FR\",\"@id\":\"https:\/\/verslinfinietlecanada.com\/#\/schema\/person\/image\/\",\"url\":\"https:\/\/secure.gravatar.com\/avatar\/c7bb682a8a0c886ea062103c2f8b2382650e201eb28a70ae06d25964f2899574?s=96&d=mm&r=g\",\"contentUrl\":\"https:\/\/secure.gravatar.com\/avatar\/c7bb682a8a0c886ea062103c2f8b2382650e201eb28a70ae06d25964f2899574?s=96&d=mm&r=g\",\"caption\":\"Lilou73\"},\"logo\":{\"@id\":\"https:\/\/verslinfinietlecanada.com\/#\/schema\/person\/image\/\"},\"sameAs\":[\"http:\/\/verslinfinietlecanada.com\",\"https:\/\/www.facebook.com\/lilou.hb\",\"https:\/\/www.instagram.com\/lilou73\"]}]}<\/script>\n<!-- \/ Yoast SEO plugin. -->","yoast_head_json":{"title":"O\u00f9 manger \u00e0 Montr\u00e9al? -","robots":{"index":"index","follow":"follow","max-snippet":"max-snippet:-1","max-image-preview":"max-image-preview:large","max-video-preview":"max-video-preview:-1"},"canonical":"https:\/\/verslinfinietlecanada.com\/index.php\/ou-manger-a-montreal\/","og_locale":"fr_FR","og_type":"article","og_title":"O\u00f9 manger \u00e0 Montr\u00e9al? -","og_description":"\u00c0 venir&#8230;","og_url":"https:\/\/verslinfinietlecanada.com\/index.php\/ou-manger-a-montreal\/","article_publisher":"https:\/\/www.facebook.com\/lilou.hb","article_modified_time":"2025-06-19T20:25:02+00:00","twitter_card":"summary_large_image","twitter_misc":{"Dur\u00e9e de lecture estim\u00e9e":"1 minute"},"schema":{"@context":"https:\/\/schema.org","@graph":[{"@type":"WebPage","@id":"https:\/\/verslinfinietlecanada.com\/index.php\/ou-manger-a-montreal\/","url":"https:\/\/verslinfinietlecanada.com\/index.php\/ou-manger-a-montreal\/","name":"O\u00f9 manger \u00e0 Montr\u00e9al? -","isPartOf":{"@id":"https:\/\/verslinfinietlecanada.com\/#website"},"datePublished":"2023-06-07T15:25:00+00:00","dateModified":"2025-06-19T20:25:02+00:00","breadcrumb":{"@id":"https:\/\/verslinfinietlecanada.com\/index.php\/ou-manger-a-montreal\/#breadcrumb"},"inLanguage":"fr-FR","potentialAction":[{"@type":"ReadAction","target":["https:\/\/verslinfinietlecanada.com\/index.php\/ou-manger-a-montreal\/"]}]},{"@type":"BreadcrumbList","@id":"https:\/\/verslinfinietlecanada.com\/index.php\/ou-manger-a-montreal\/#breadcrumb","itemListElement":[{"@type":"ListItem","position":1,"name":"Accueil","item":"https:\/\/verslinfinietlecanada.com\/"},{"@type":"ListItem","position":2,"name":"O\u00f9 manger \u00e0 Montr\u00e9al?"}]},{"@type":"WebSite","@id":"https:\/\/verslinfinietlecanada.com\/#website","url":"https:\/\/verslinfinietlecanada.com\/","name":"Vers l'infini et le Canada...","description":"","publisher":{"@id":"https:\/\/verslinfinietlecanada.com\/#\/schema\/person\/7aa8f6b59a0e54cca6d362fb7f2e9758"},"potentialAction":[{"@type":"SearchAction","target":{"@type":"EntryPoint","urlTemplate":"https:\/\/verslinfinietlecanada.com\/?s={search_term_string}"},"query-input":{"@type":"PropertyValueSpecification","valueRequired":true,"valueName":"search_term_string"}}],"inLanguage":"fr-FR"},{"@type":["Person","Organization"],"@id":"https:\/\/verslinfinietlecanada.com\/#\/schema\/person\/7aa8f6b59a0e54cca6d362fb7f2e9758","name":"Lilou73","image":{"@type":"ImageObject","inLanguage":"fr-FR","@id":"https:\/\/verslinfinietlecanada.com\/#\/schema\/person\/image\/","url":"https:\/\/secure.gravatar.com\/avatar\/c7bb682a8a0c886ea062103c2f8b2382650e201eb28a70ae06d25964f2899574?s=96&d=mm&r=g","contentUrl":"https:\/\/secure.gravatar.com\/avatar\/c7bb682a8a0c886ea062103c2f8b2382650e201eb28a70ae06d25964f2899574?s=96&d=mm&r=g","caption":"Lilou73"},"logo":{"@id":"https:\/\/verslinfinietlecanada.com\/#\/schema\/person\/image\/"},"sameAs":["http:\/\/verslinfinietlecanada.com","https:\/\/www.facebook.com\/lilou.hb","https:\/\/www.instagram.com\/lilou73"]}]}},"jetpack-related-posts":[],"jetpack_sharing_enabled":true,"_links":{"self":[{"href":"https:\/\/verslinfinietlecanada.com\/index.php\/wp-json\/wp\/v2\/pages\/259","targetHints":{"allow":["GET"]}}],"collection":[{"href":"https:\/\/verslinfinietlecanada.com\/index.php\/wp-json\/wp\/v2\/pages"}],"about":[{"href":"https:\/\/verslinfinietlecanada.com\/index.php\/wp-json\/wp\/v2\/types\/page"}],"author":[{"embeddable":true,"href":"https:\/\/verslinfinietlecanada.com\/index.php\/wp-json\/wp\/v2\/users\/1"}],"replies":[{"embeddable":true,"href":"https:\/\/verslinfinietlecanada.com\/index.php\/wp-json\/wp\/v2\/comments?post=259"}],"version-history":[{"count":3,"href":"https:\/\/verslinfinietlecanada.com\/index.php\/wp-json\/wp\/v2\/pages\/259\/revisions"}],"predecessor-version":[{"id":877,"href":"https:\/\/verslinfinietlecanada.com\/index.php\/wp-json\/wp\/v2\/pages\/259\/revisions\/877"}],"wp:attachment":[{"href":"https:\/\/verslinfinietlecanada.com\/index.php\/wp-json\/wp\/v2\/media?parent=259"}],"curies":[{"name":"wp","href":"https:\/\/api.w.org\/{rel}","templated":true}]}}